{"id":88,"date":"2025-05-11T18:24:06","date_gmt":"2025-05-11T22:24:06","guid":{"rendered":"https:\/\/feis21.com\/contact\/"},"modified":"2025-06-02T17:45:08","modified_gmt":"2025-06-02T21:45:08","slug":"contacto","status":"publish","type":"page","link":"https:\/\/feis21.com\/en\/contacto\/","title":{"rendered":"Contact Us"},"content":{"rendered":"<div data-elementor-type=\"wp-page\" data-elementor-id=\"88\" class=\"elementor elementor-88\">\n\t\t\t\t<div class=\"elementor-element elementor-element-13a5251 e-flex e-con-boxed e-con e-parent\" data-id=\"13a5251\" data-element_type=\"container\">\n\t\t\t\t\t<div class=\"e-con-inner\">\n\t\t\t\t<div class=\"elementor-element elementor-element-06119fe elementor-widget elementor-widget-heading\" data-id=\"06119fe\" data-element_type=\"widget\" data-widget_type=\"heading.default\">\n\t\t\t\t<div class=\"elementor-widget-container\">\n\t\t\t\t\t<h2 class=\"elementor-heading-title elementor-size-default\">Have a question, idea, or want to collaborate? Write to us! <\/h2>\t\t\t\t<\/div>\n\t\t\t\t<\/div>\n\t\t\t\t\t<\/div>\n\t\t\t\t<\/div>\n\t\t<div class=\"elementor-element elementor-element-7540edf e-flex e-con-boxed e-con e-parent\" data-id=\"7540edf\" data-element_type=\"container\">\n\t\t\t\t\t<div class=\"e-con-inner\">\n\t\t<div class=\"elementor-element elementor-element-f2cc711 e-con-full e-flex e-con e-child\" data-id=\"f2cc711\" data-element_type=\"container\">\n\t\t<div class=\"elementor-element elementor-element-88b157b e-con-full e-flex e-con e-child\" data-id=\"88b157b\" data-element_type=\"container\">\n\t\t\t\t<div class=\"elementor-element elementor-element-012d0c0 elementor-widget elementor-widget-text-editor\" data-id=\"012d0c0\" data-element_type=\"widget\" data-widget_type=\"text-editor.default\">\n\t\t\t\t<div class=\"elementor-widget-container\">\n\t\t\t\t\t\t\t\t\t<p><span style=\"color: #2196d3;\">Ready to connect? Write to us if you would like to learn more about what we do, collaborate, or just chat about how we can transform education together<\/span><\/p>\t\t\t\t\t\t\t\t<\/div>\n\t\t\t\t<\/div>\n\t\t<div class=\"elementor-element elementor-element-275c873 e-con-full e-flex e-con e-child\" data-id=\"275c873\" data-element_type=\"container\">\n\t\t\t\t<div class=\"elementor-element elementor-element-4dfe115 elementor-widget__width-inherit elementor-widget elementor-widget-image\" data-id=\"4dfe115\" data-element_type=\"widget\" data-widget_type=\"image.default\">\n\t\t\t\t<div class=\"elementor-widget-container\">\n\t\t\t\t\t\t\t\t\t\t\t\t\t\t\t<img fetchpriority=\"high\" decoding=\"async\" width=\"1024\" height=\"1024\" src=\"https:\/\/feis21.com\/wp-content\/uploads\/2025\/05\/cropped-Redondo-LOGO-FUNDACION-INNOVA-SIGLO-21-173x173.png\" class=\"attachment-large size-large wp-image-418\" alt=\"\" srcset=\"https:\/\/feis21.com\/wp-content\/uploads\/2025\/05\/cropped-Redondo-LOGO-FUNDACION-INNOVA-SIGLO-21-1024x1024.png 1024w, https:\/\/feis21.com\/wp-content\/uploads\/2025\/05\/cropped-Redondo-LOGO-FUNDACION-INNOVA-SIGLO-21-300x300.png 300w, https:\/\/feis21.com\/wp-content\/uploads\/2025\/05\/cropped-Redondo-LOGO-FUNDACION-INNOVA-SIGLO-21-150x150.png 150w, https:\/\/feis21.com\/wp-content\/uploads\/2025\/05\/cropped-Redondo-LOGO-FUNDACION-INNOVA-SIGLO-21-768x768.png 768w, https:\/\/feis21.com\/wp-content\/uploads\/2025\/05\/cropped-Redondo-LOGO-FUNDACION-INNOVA-SIGLO-21-173x173.png 173w, https:\/\/feis21.com\/wp-content\/uploads\/2025\/05\/cropped-Redondo-LOGO-FUNDACION-INNOVA-SIGLO-21.png 1200w\" sizes=\"(max-width: 1024px) 100vw, 1024px\" \/>\t\t\t\t\t\t\t\t\t\t\t\t\t\t\t<\/div>\n\t\t\t\t<\/div>\n\t\t\t\t<\/div>\n\t\t\t\t<\/div>\n\t\t\t\t<\/div>\n\t\t\t\t<div class=\"elementor-element elementor-element-b56f7bf elementor-widget__width-initial elementor-widget-mobile__width-initial elementor-widget elementor-widget-wpforms\" data-id=\"b56f7bf\" data-element_type=\"widget\" data-widget_type=\"wpforms.default\">\n\t\t\t\t<div class=\"elementor-widget-container\">\n\t\t\t\t\t<style id=\"wpforms-css-vars-elementor-widget-b56f7bf\">\n\t\t\t\t.elementor-widget-wpforms.elementor-element-b56f7bf {\n\t\t\t\t--wpforms-field-size-input-height: 43px;\n--wpforms-field-size-input-spacing: 15px;\n--wpforms-field-size-font-size: 16px;\n--wpforms-field-size-line-height: 19px;\n--wpforms-field-size-padding-h: 14px;\n--wpforms-field-size-checkbox-size: 16px;\n--wpforms-field-size-sublabel-spacing: 5px;\n--wpforms-field-size-icon-size: 1;\n--wpforms-label-size-font-size: 16px;\n--wpforms-label-size-line-height: 19px;\n--wpforms-label-size-sublabel-font-size: 14px;\n--wpforms-label-size-sublabel-line-height: 17px;\n--wpforms-button-size-font-size: 17px;\n--wpforms-button-size-height: 41px;\n--wpforms-button-size-padding-h: 15px;\n--wpforms-button-size-margin-top: 10px;\n\n\t\t\t}\n\t\t\t<\/style><div class=\"wpforms-container wpforms-container-full wpforms-render-modern\" id=\"wpforms-642\"><form id=\"wpforms-form-642\" class=\"wpforms-validate wpforms-form wpforms-ajax-form\" data-formid=\"642\" method=\"post\" enctype=\"multipart\/form-data\" action=\"\/en\/wp-json\/wp\/v2\/pages\/88\" data-token=\"44179dec8451140d9c778e8620466e22\" data-token-time=\"1776383377\" data-trp-original-action=\"\/en\/wp-json\/wp\/v2\/pages\/88\"><noscript class=\"wpforms-error-noscript\">Please enable JavaScript in your browser to complete this form.<\/noscript><div class=\"wpforms-hidden\" id=\"wpforms-error-noscript\">Please enable JavaScript in your browser to complete this form.<\/div><div class=\"wpforms-field-container\"><div id=\"wpforms-642-field_4-container\" class=\"wpforms-field wpforms-field-name\" data-field-id=\"4\"><fieldset><legend class=\"wpforms-field-label\">Name <span class=\"wpforms-required-label\" aria-hidden=\"true\">*<\/span><\/legend><div class=\"wpforms-field-row wpforms-field-large\"><div class=\"wpforms-field-row-block wpforms-first wpforms-one-half\"><input type=\"text\" id=\"wpforms-642-field_4\" class=\"wpforms-field-name-first wpforms-field-required\" name=\"wpforms[fields][4][first]\" placeholder=\"Name\" aria-errormessage=\"wpforms-642-field_4-error\" required><label for=\"wpforms-642-field_4\" class=\"wpforms-field-sublabel after wpforms-sublabel-hide\">First<\/label><\/div><div class=\"wpforms-field-row-block wpforms-one-half\"><input type=\"text\" id=\"wpforms-642-field_4-last\" class=\"wpforms-field-name-last wpforms-field-required\" name=\"wpforms[fields][4][last]\" placeholder=\"Last Name\" aria-errormessage=\"wpforms-642-field_4-last-error\" required><label for=\"wpforms-642-field_4-last\" class=\"wpforms-field-sublabel after wpforms-sublabel-hide\">Last<\/label><\/div><\/div><\/fieldset><\/div><div id=\"wpforms-642-field_2-container\" class=\"wpforms-field wpforms-field-email\" data-field-id=\"2\"><label class=\"wpforms-field-label\" for=\"wpforms-642-field_2\">Email <span class=\"wpforms-required-label\" aria-hidden=\"true\">*<\/span><\/label><input type=\"email\" id=\"wpforms-642-field_2\" class=\"wpforms-field-large wpforms-field-required\" name=\"wpforms[fields][2]\" spellcheck=\"false\" aria-errormessage=\"wpforms-642-field_2-error\" required><\/div><div id=\"wpforms-642-field_3-container\" class=\"wpforms-field wpforms-field-textarea\" data-field-id=\"3\"><label class=\"wpforms-field-label\" for=\"wpforms-642-field_3\">Comments\/ Messages\/ Questions<\/label><textarea id=\"wpforms-642-field_3\" class=\"wpforms-field-large\" name=\"wpforms[fields][3]\" placeholder=\"Type your message here\" aria-errormessage=\"wpforms-642-field_3-error\" ><\/textarea><\/div><\/div><!-- .wpforms-field-container --><div class=\"wpforms-submit-container\" ><input type=\"hidden\" name=\"wpforms[id]\" value=\"642\"><input type=\"hidden\" name=\"page_title\" value=\"\"><input type=\"hidden\" name=\"page_url\" value=\"https:\/\/feis21.com\/en\/wp-json\/wp\/v2\/pages\/88\"><input type=\"hidden\" name=\"url_referer\" value=\"\"><button type=\"submit\" name=\"wpforms[submit]\" id=\"wpforms-submit-642\" class=\"wpforms-submit\" data-alt-text=\"Enviando... \" data-submit-text=\"Enviar\" aria-live=\"assertive\" value=\"wpforms-submit\">Send<\/button><img decoding=\"async\" src=\"https:\/\/feis21.com\/wp-content\/plugins\/wpforms-lite\/assets\/images\/submit-spin.svg\" class=\"wpforms-submit-spinner\" style=\"display: none;\" width=\"26\" height=\"26\" alt=\"Loading\"><\/div><input type=\"hidden\" name=\"trp-form-language\" value=\"en\"\/><\/form><\/div>  <!-- .wpforms-container -->\t\t\t\t<\/div>\n\t\t\t\t<\/div>\n\t\t\t\t\t<\/div>\n\t\t\t\t<\/div>\n\t\t\t\t<\/div>","protected":false},"excerpt":{"rendered":"<p>\u00bfTienes alguna pregunta, idea o quieres colaborar? \u00a1Escr\u00edbenos! No esperes m\u00e1s. Escr\u00edbenos si quieres saber m\u00e1s sobre nuestra labor, colaborar [&hellip;]<\/p>","protected":false},"author":1,"featured_media":0,"parent":0,"menu_order":0,"comment_status":"closed","ping_status":"closed","template":"","meta":{"_uag_custom_page_level_css":"","site-sidebar-layout":"default","site-content-layout":"","ast-site-content-layout":"","site-content-style":"default","site-sidebar-style":"default","ast-global-header-display":"","ast-banner-title-visibility":"","ast-main-header-display":"","ast-hfb-above-header-display":"","ast-hfb-below-header-display":"","ast-hfb-mobile-header-display":"","site-post-title":"disabled","ast-breadcrumbs-content":"","ast-featured-img":"","footer-sml-layout":"","theme-transparent-header-meta":"disabled","adv-header-id-meta":"","stick-header-meta":"","header-above-stick-meta":"","header-main-stick-meta":"","header-below-stick-meta":"","astra-migrate-meta-layouts":"default","ast-page-background-enabled":"default","ast-page-background-meta":{"desktop":{"background-color":"var(--ast-global-color-4)","background-image":"","background-repeat":"repeat","background-position":"center center","background-size":"auto","background-attachment":"scroll","background-type":"","background-media":"","overlay-type":"","overlay-color":"","overlay-opacity":"","overlay-gradient":""},"tablet":{"background-color":"","background-image":"","background-repeat":"repeat","background-position":"center center","background-size":"auto","background-attachment":"scroll","background-type":"","background-media":"","overlay-type":"","overlay-color":"","overlay-opacity":"","overlay-gradient":""},"mobile":{"background-color":"","background-image":"","background-repeat":"repeat","background-position":"center center","background-size":"auto","background-attachment":"scroll","background-type":"","background-media":"","overlay-type":"","overlay-color":"","overlay-opacity":"","overlay-gradient":""}},"ast-content-background-meta":{"desktop":{"background-color":"var(--ast-global-color-5)","background-image":"","background-repeat":"repeat","background-position":"center center","background-size":"auto","background-attachment":"scroll","background-type":"","background-media":"","overlay-type":"","overlay-color":"","overlay-opacity":"","overlay-gradient":""},"tablet":{"background-color":"var(--ast-global-color-5)","background-image":"","background-repeat":"repeat","background-position":"center center","background-size":"auto","background-attachment":"scroll","background-type":"","background-media":"","overlay-type":"","overlay-color":"","overlay-opacity":"","overlay-gradient":""},"mobile":{"background-color":"var(--ast-global-color-5)","background-image":"","background-repeat":"repeat","background-position":"center center","background-size":"auto","background-attachment":"scroll","background-type":"","background-media":"","overlay-type":"","overlay-color":"","overlay-opacity":"","overlay-gradient":""}},"footnotes":""},"class_list":["post-88","page","type-page","status-publish","hentry"],"uagb_featured_image_src":{"full":false,"thumbnail":false,"medium":false,"medium_large":false,"large":false,"1536x1536":false,"2048x2048":false,"trp-custom-language-flag":false},"uagb_author_info":{"display_name":"Diego Utreras","author_link":"https:\/\/feis21.com\/en\/author\/diego-utreras-90gmail-com\/"},"uagb_comment_info":0,"uagb_excerpt":"\u00bfTienes alguna pregunta, idea o quieres colaborar? \u00a1Escr\u00edbenos! No esperes m\u00e1s. Escr\u00edbenos si quieres saber m\u00e1s sobre nuestra labor, colaborar [&hellip;]","_links":{"self":[{"href":"https:\/\/feis21.com\/en\/wp-json\/wp\/v2\/pages\/88","targetHints":{"allow":["GET"]}}],"collection":[{"href":"https:\/\/feis21.com\/en\/wp-json\/wp\/v2\/pages"}],"about":[{"href":"https:\/\/feis21.com\/en\/wp-json\/wp\/v2\/types\/page"}],"author":[{"embeddable":true,"href":"https:\/\/feis21.com\/en\/wp-json\/wp\/v2\/users\/1"}],"replies":[{"embeddable":true,"href":"https:\/\/feis21.com\/en\/wp-json\/wp\/v2\/comments?post=88"}],"version-history":[{"count":9,"href":"https:\/\/feis21.com\/en\/wp-json\/wp\/v2\/pages\/88\/revisions"}],"predecessor-version":[{"id":805,"href":"https:\/\/feis21.com\/en\/wp-json\/wp\/v2\/pages\/88\/revisions\/805"}],"wp:attachment":[{"href":"https:\/\/feis21.com\/en\/wp-json\/wp\/v2\/media?parent=88"}],"curies":[{"name":"wp","href":"https:\/\/api.w.org\/{rel}","templated":true}]}}