{"id":87,"date":"2025-05-11T18:24:06","date_gmt":"2025-05-11T22:24:06","guid":{"rendered":"https:\/\/feis21.com\/offerings\/"},"modified":"2025-06-02T17:39:39","modified_gmt":"2025-06-02T21:39:39","slug":"nuestro-objetivo","status":"publish","type":"page","link":"https:\/\/feis21.com\/en\/nuestro-objetivo\/","title":{"rendered":"Our Mission"},"content":{"rendered":"<div data-elementor-type=\"wp-page\" data-elementor-id=\"87\" class=\"elementor elementor-87\">\n\t\t\t\t<div class=\"elementor-element elementor-element-0a17572 e-con-full e-flex e-con e-parent\" data-id=\"0a17572\" data-element_type=\"container\" data-settings=\"{&quot;background_background&quot;:&quot;classic&quot;}\">\n\t\t\t\t<div class=\"elementor-element elementor-element-4833e50 elementor-widget elementor-widget-heading\" data-id=\"4833e50\" data-element_type=\"widget\" data-widget_type=\"heading.default\">\n\t\t\t\t<div class=\"elementor-widget-container\">\n\t\t\t\t\t<h1 class=\"elementor-heading-title elementor-size-default\">We foster educational innovation to transform lives and communities<\/h1>\t\t\t\t<\/div>\n\t\t\t\t<\/div>\n\t\t\t\t<div class=\"elementor-element elementor-element-977951d elementor-widget elementor-widget-text-editor\" data-id=\"977951d\" data-element_type=\"widget\" data-widget_type=\"text-editor.default\">\n\t\t\t\t<div class=\"elementor-widget-container\">\n\t\t\t\t\t\t\t\t\t<p style=\"text-align: center;\"><span style=\"color: #ffffff;\">At Fundaci\u00f3n para la Educaci\u00f3n Innova Siglo 21, we strive to transform education through innovative strategies, the use of technology, and research. We aim to respond to the challenges of the 21st century, prioritizing rural and vulnerable communities<\/span><\/p>\t\t\t\t\t\t\t\t<\/div>\n\t\t\t\t<\/div>\n\t\t\t\t<\/div>\n\t\t<div class=\"elementor-element elementor-element-8fa7c11 e-con-full e-flex e-con e-parent\" data-id=\"8fa7c11\" data-element_type=\"container\" data-settings=\"{&quot;background_background&quot;:&quot;classic&quot;}\">\n\t\t<div class=\"elementor-element elementor-element-70a4bc70 e-con-full e-flex e-con e-child\" data-id=\"70a4bc70\" data-element_type=\"container\">\n\t\t\t\t<div class=\"elementor-element elementor-element-45a1d6a5 elementor-widget__width-initial elementor-widget elementor-widget-heading\" data-id=\"45a1d6a5\" data-element_type=\"widget\" data-widget_type=\"heading.default\">\n\t\t\t\t<div class=\"elementor-widget-container\">\n\t\t\t\t\t<h2 class=\"elementor-heading-title elementor-size-default\">Creative Teaching Strategies<\/h2>\t\t\t\t<\/div>\n\t\t\t\t<\/div>\n\t\t\t\t<div class=\"elementor-element elementor-element-6d0cd2a3 elementor-widget__width-initial elementor-widget-tablet__width-inherit elementor-widget elementor-widget-image\" data-id=\"6d0cd2a3\" data-element_type=\"widget\" data-widget_type=\"image.default\">\n\t\t\t\t<div class=\"elementor-widget-container\">\n\t\t\t\t\t\t\t\t\t\t\t\t\t\t\t<img fetchpriority=\"high\" decoding=\"async\" width=\"940\" height=\"627\" src=\"https:\/\/feis21.com\/wp-content\/uploads\/2025\/05\/pexels-photo-8499572-8499572.jpg\" class=\"attachment-large size-large wp-image-674\" alt=\"A diverse group of kids reading books in a library setting, fostering learning and togetherness.\" srcset=\"https:\/\/feis21.com\/wp-content\/uploads\/2025\/05\/pexels-photo-8499572-8499572.jpg 940w, https:\/\/feis21.com\/wp-content\/uploads\/2025\/05\/pexels-photo-8499572-8499572-300x200.jpg 300w, https:\/\/feis21.com\/wp-content\/uploads\/2025\/05\/pexels-photo-8499572-8499572-768x512.jpg 768w\" sizes=\"(max-width: 940px) 100vw, 940px\" \/>\t\t\t\t\t\t\t\t\t\t\t\t\t\t\t<\/div>\n\t\t\t\t<\/div>\n\t\t\t\t<div class=\"elementor-element elementor-element-4d2c9ca elementor-widget elementor-widget-text-editor\" data-id=\"4d2c9ca\" data-element_type=\"widget\" data-widget_type=\"text-editor.default\">\n\t\t\t\t<div class=\"elementor-widget-container\">\n\t\t\t\t\t\t\t\t\t<p style=\"text-align: center;\"><span style=\"color: #2196d3;\">We promote innovative teaching and learning methods that foster creativity, active participation, and critical thinking at all educational levels<\/span><\/p>\t\t\t\t\t\t\t\t<\/div>\n\t\t\t\t<\/div>\n\t\t\t\t<\/div>\n\t\t<div class=\"elementor-element elementor-element-387a931 e-con-full e-flex e-con e-child\" data-id=\"387a931\" data-element_type=\"container\">\n\t\t\t\t<div class=\"elementor-element elementor-element-92e6341 elementor-widget elementor-widget-heading\" data-id=\"92e6341\" data-element_type=\"widget\" data-widget_type=\"heading.default\">\n\t\t\t\t<div class=\"elementor-widget-container\">\n\t\t\t\t\t<h2 class=\"elementor-heading-title elementor-size-default\">Applied Scientific Research<\/h2>\t\t\t\t<\/div>\n\t\t\t\t<\/div>\n\t\t\t\t<div class=\"elementor-element elementor-element-34ff428 elementor-widget__width-initial elementor-widget-tablet__width-inherit elementor-widget elementor-widget-image\" data-id=\"34ff428\" data-element_type=\"widget\" data-widget_type=\"image.default\">\n\t\t\t\t<div class=\"elementor-widget-container\">\n\t\t\t\t\t\t\t\t\t\t\t\t\t\t\t<img decoding=\"async\" width=\"867\" height=\"650\" src=\"https:\/\/feis21.com\/wp-content\/uploads\/2025\/05\/pexels-photo-8471787-8471787.jpg\" class=\"attachment-large size-large wp-image-678\" alt=\"A child wearing goggles performs a chemistry experiment with colored liquids in a classroom.\" srcset=\"https:\/\/feis21.com\/wp-content\/uploads\/2025\/05\/pexels-photo-8471787-8471787.jpg 867w, https:\/\/feis21.com\/wp-content\/uploads\/2025\/05\/pexels-photo-8471787-8471787-300x225.jpg 300w, https:\/\/feis21.com\/wp-content\/uploads\/2025\/05\/pexels-photo-8471787-8471787-768x576.jpg 768w\" sizes=\"(max-width: 867px) 100vw, 867px\" \/>\t\t\t\t\t\t\t\t\t\t\t\t\t\t\t<\/div>\n\t\t\t\t<\/div>\n\t\t\t\t<div class=\"elementor-element elementor-element-9f06635 elementor-widget elementor-widget-text-editor\" data-id=\"9f06635\" data-element_type=\"widget\" data-widget_type=\"text-editor.default\">\n\t\t\t\t<div class=\"elementor-widget-container\">\n\t\t\t\t\t\t\t\t\t<p style=\"text-align: center;\" data-start=\"808\" data-end=\"1135\"><span style=\"color: #2196d3;\">We drive research projects that address real issues within the educational system, transforming knowledge into concrete solutions for communities<\/span><\/p>\t\t\t\t\t\t\t\t<\/div>\n\t\t\t\t<\/div>\n\t\t\t\t<\/div>\n\t\t\t\t<\/div>\n\t\t<div class=\"elementor-element elementor-element-eccdf2b e-con-full e-flex e-con e-parent\" data-id=\"eccdf2b\" data-element_type=\"container\" data-settings=\"{&quot;background_background&quot;:&quot;classic&quot;}\">\n\t\t<div class=\"elementor-element elementor-element-73fad12 e-con-full e-flex e-con e-child\" data-id=\"73fad12\" data-element_type=\"container\">\n\t\t\t\t<div class=\"elementor-element elementor-element-2668e2d elementor-widget__width-initial elementor-widget elementor-widget-heading\" data-id=\"2668e2d\" data-element_type=\"widget\" data-widget_type=\"heading.default\">\n\t\t\t\t<div class=\"elementor-widget-container\">\n\t\t\t\t\t<h2 class=\"elementor-heading-title elementor-size-default\">Use of Advanced Technologies<\/h2>\t\t\t\t<\/div>\n\t\t\t\t<\/div>\n\t\t\t\t<div class=\"elementor-element elementor-element-c846b73 elementor-widget__width-initial elementor-widget-tablet__width-inherit elementor-widget elementor-widget-image\" data-id=\"c846b73\" data-element_type=\"widget\" data-widget_type=\"image.default\">\n\t\t\t\t<div class=\"elementor-widget-container\">\n\t\t\t\t\t\t\t\t\t\t\t\t\t\t\t<img decoding=\"async\" width=\"940\" height=\"627\" src=\"https:\/\/feis21.com\/wp-content\/uploads\/2025\/05\/pexels-photo-10638069-10638069.jpg\" class=\"attachment-large size-large wp-image-679\" alt=\"Children learning in a modern computer lab environment with headphones and desktops.\" srcset=\"https:\/\/feis21.com\/wp-content\/uploads\/2025\/05\/pexels-photo-10638069-10638069.jpg 940w, https:\/\/feis21.com\/wp-content\/uploads\/2025\/05\/pexels-photo-10638069-10638069-300x200.jpg 300w, https:\/\/feis21.com\/wp-content\/uploads\/2025\/05\/pexels-photo-10638069-10638069-768x512.jpg 768w\" sizes=\"(max-width: 940px) 100vw, 940px\" \/>\t\t\t\t\t\t\t\t\t\t\t\t\t\t\t<\/div>\n\t\t\t\t<\/div>\n\t\t\t\t<div class=\"elementor-element elementor-element-39bb15a elementor-widget elementor-widget-text-editor\" data-id=\"39bb15a\" data-element_type=\"widget\" data-widget_type=\"text-editor.default\">\n\t\t\t\t<div class=\"elementor-widget-container\">\n\t\t\t\t\t\t\t\t\t<p style=\"text-align: center;\" data-start=\"1187\" data-end=\"1511\"><span style=\"color: #2196d3;\">We integrate technology to bridge access gaps, improve instruction, and equip students for the demands of the 21st century<\/span><\/p>\t\t\t\t\t\t\t\t<\/div>\n\t\t\t\t<\/div>\n\t\t\t\t<\/div>\n\t\t<div class=\"elementor-element elementor-element-aec7b8b e-con-full e-flex e-con e-child\" data-id=\"aec7b8b\" data-element_type=\"container\">\n\t\t\t\t<div class=\"elementor-element elementor-element-12dda50 elementor-widget elementor-widget-heading\" data-id=\"12dda50\" data-element_type=\"widget\" data-widget_type=\"heading.default\">\n\t\t\t\t<div class=\"elementor-widget-container\">\n\t\t\t\t\t<h2 class=\"elementor-heading-title elementor-size-default\">Educational Inclusion and Equity<\/h2>\t\t\t\t<\/div>\n\t\t\t\t<\/div>\n\t\t\t\t<div class=\"elementor-element elementor-element-0c35f96 elementor-widget__width-initial elementor-widget-tablet__width-inherit elementor-widget elementor-widget-image\" data-id=\"0c35f96\" data-element_type=\"widget\" data-widget_type=\"image.default\">\n\t\t\t\t<div class=\"elementor-widget-container\">\n\t\t\t\t\t\t\t\t\t\t\t\t\t\t\t<img loading=\"lazy\" decoding=\"async\" width=\"950\" height=\"650\" src=\"https:\/\/feis21.com\/wp-content\/uploads\/2025\/05\/ninos.jpg\" class=\"attachment-large size-large wp-image-689\" alt=\"\" srcset=\"https:\/\/feis21.com\/wp-content\/uploads\/2025\/05\/ninos.jpg 950w, https:\/\/feis21.com\/wp-content\/uploads\/2025\/05\/ninos-300x205.jpg 300w, https:\/\/feis21.com\/wp-content\/uploads\/2025\/05\/ninos-768x525.jpg 768w\" sizes=\"(max-width: 950px) 100vw, 950px\" \/>\t\t\t\t\t\t\t\t\t\t\t\t\t\t\t<\/div>\n\t\t\t\t<\/div>\n\t\t\t\t<div class=\"elementor-element elementor-element-2841d26 elementor-widget elementor-widget-text-editor\" data-id=\"2841d26\" data-element_type=\"widget\" data-widget_type=\"text-editor.default\">\n\t\t\t\t<div class=\"elementor-widget-container\">\n\t\t\t\t\t\t\t\t\t<p style=\"text-align: center;\" data-start=\"1561\" data-end=\"1880\"><span style=\"color: #2196d3;\">We focus on collaborating with vulnerable and rural communities, building strategic alliances to enhance inclusive, collaborative, and high-quality education<\/span><\/p>\t\t\t\t\t\t\t\t<\/div>\n\t\t\t\t<\/div>\n\t\t\t\t<\/div>\n\t\t\t\t<\/div>\n\t\t\t\t<\/div>","protected":false},"excerpt":{"rendered":"<p>Impulsamos la innovaci\u00f3n educativa para transformar vidas y comunidades En la Fundaci\u00f3n para la Educaci\u00f3n Innova siglo 21 nos esforzamos [&hellip;]<\/p>","protected":false},"author":1,"featured_media":0,"parent":0,"menu_order":0,"comment_status":"closed","ping_status":"closed","template":"","meta":{"_uag_custom_page_level_css":"","site-sidebar-layout":"default","site-content-layout":"","ast-site-content-layout":"","site-content-style":"default","site-sidebar-style":"default","ast-global-header-display":"","ast-banner-title-visibility":"","ast-main-header-display":"","ast-hfb-above-header-display":"","ast-hfb-below-header-display":"","ast-hfb-mobile-header-display":"","site-post-title":"disabled","ast-breadcrumbs-content":"","ast-featured-img":"","footer-sml-layout":"","theme-transparent-header-meta":"disabled","adv-header-id-meta":"","stick-header-meta":"","header-above-stick-meta":"","header-main-stick-meta":"","header-below-stick-meta":"","astra-migrate-meta-layouts":"default","ast-page-background-enabled":"default","ast-page-background-meta":{"desktop":{"background-color":"var(--ast-global-color-4)","background-image":"","background-repeat":"repeat","background-position":"center center","background-size":"auto","background-attachment":"scroll","background-type":"","background-media":"","overlay-type":"","overlay-color":"","overlay-opacity":"","overlay-gradient":""},"tablet":{"background-color":"","background-image":"","background-repeat":"repeat","background-position":"center center","background-size":"auto","background-attachment":"scroll","background-type":"","background-media":"","overlay-type":"","overlay-color":"","overlay-opacity":"","overlay-gradient":""},"mobile":{"background-color":"","background-image":"","background-repeat":"repeat","background-position":"center center","background-size":"auto","background-attachment":"scroll","background-type":"","background-media":"","overlay-type":"","overlay-color":"","overlay-opacity":"","overlay-gradient":""}},"ast-content-background-meta":{"desktop":{"background-color":"var(--ast-global-color-5)","background-image":"","background-repeat":"repeat","background-position":"center center","background-size":"auto","background-attachment":"scroll","background-type":"","background-media":"","overlay-type":"","overlay-color":"","overlay-opacity":"","overlay-gradient":""},"tablet":{"background-color":"var(--ast-global-color-5)","background-image":"","background-repeat":"repeat","background-position":"center center","background-size":"auto","background-attachment":"scroll","background-type":"","background-media":"","overlay-type":"","overlay-color":"","overlay-opacity":"","overlay-gradient":""},"mobile":{"background-color":"var(--ast-global-color-5)","background-image":"","background-repeat":"repeat","background-position":"center center","background-size":"auto","background-attachment":"scroll","background-type":"","background-media":"","overlay-type":"","overlay-color":"","overlay-opacity":"","overlay-gradient":""}},"footnotes":""},"class_list":["post-87","page","type-page","status-publish","hentry"],"uagb_featured_image_src":{"full":false,"thumbnail":false,"medium":false,"medium_large":false,"large":false,"1536x1536":false,"2048x2048":false,"trp-custom-language-flag":false},"uagb_author_info":{"display_name":"Diego Utreras","author_link":"https:\/\/feis21.com\/en\/author\/diego-utreras-90gmail-com\/"},"uagb_comment_info":0,"uagb_excerpt":"Impulsamos la innovaci\u00f3n educativa para transformar vidas y comunidades En la Fundaci\u00f3n para la Educaci\u00f3n Innova siglo 21 nos esforzamos [&hellip;]","_links":{"self":[{"href":"https:\/\/feis21.com\/en\/wp-json\/wp\/v2\/pages\/87","targetHints":{"allow":["GET"]}}],"collection":[{"href":"https:\/\/feis21.com\/en\/wp-json\/wp\/v2\/pages"}],"about":[{"href":"https:\/\/feis21.com\/en\/wp-json\/wp\/v2\/types\/page"}],"author":[{"embeddable":true,"href":"https:\/\/feis21.com\/en\/wp-json\/wp\/v2\/users\/1"}],"replies":[{"embeddable":true,"href":"https:\/\/feis21.com\/en\/wp-json\/wp\/v2\/comments?post=87"}],"version-history":[{"count":28,"href":"https:\/\/feis21.com\/en\/wp-json\/wp\/v2\/pages\/87\/revisions"}],"predecessor-version":[{"id":793,"href":"https:\/\/feis21.com\/en\/wp-json\/wp\/v2\/pages\/87\/revisions\/793"}],"wp:attachment":[{"href":"https:\/\/feis21.com\/en\/wp-json\/wp\/v2\/media?parent=87"}],"curies":[{"name":"wp","href":"https:\/\/api.w.org\/{rel}","templated":true}]}}