{"id":488,"date":"2025-05-12T11:22:46","date_gmt":"2025-05-12T15:22:46","guid":{"rendered":"https:\/\/feis21.com\/home-2\/"},"modified":"2025-06-02T17:41:55","modified_gmt":"2025-06-02T21:41:55","slug":"home-2","status":"publish","type":"page","link":"https:\/\/feis21.com\/en\/","title":{"rendered":"Home"},"content":{"rendered":"<div data-elementor-type=\"wp-page\" data-elementor-id=\"488\" class=\"elementor elementor-488\">\n\t\t\t\t<div class=\"elementor-element elementor-element-4d740e3 e-flex e-con-boxed e-con e-parent\" data-id=\"4d740e3\" data-element_type=\"container\">\n\t\t\t\t\t<div class=\"e-con-inner\">\n\t\t\t\t<div class=\"elementor-element elementor-element-b56f7e4 elementor-widget elementor-widget-heading\" data-id=\"b56f7e4\" data-element_type=\"widget\" data-widget_type=\"heading.default\">\n\t\t\t\t<div class=\"elementor-widget-container\">\n\t\t\t\t\t<h2 class=\"elementor-heading-title elementor-size-default\">Driving Educational Innovation in Chile<\/h2>\t\t\t\t<\/div>\n\t\t\t\t<\/div>\n\t\t\t\t\t<\/div>\n\t\t\t\t<\/div>\n\t\t<div class=\"elementor-element elementor-element-85b0659 e-flex e-con-boxed e-con e-parent\" data-id=\"85b0659\" data-element_type=\"container\">\n\t\t\t\t\t<div class=\"e-con-inner\">\n\t\t\t\t<div class=\"elementor-element elementor-element-9954d88 elementor-widget elementor-widget-heading\" data-id=\"9954d88\" data-element_type=\"widget\" data-widget_type=\"heading.default\">\n\t\t\t\t<div class=\"elementor-widget-container\">\n\t\t\t\t\t<h2 class=\"elementor-heading-title elementor-size-default\">Fundaci\u00f3n para la Educaci\u00f3n Innova Siglo 21<\/h2>\t\t\t\t<\/div>\n\t\t\t\t<\/div>\n\t\t\t\t\t<\/div>\n\t\t\t\t<\/div>\n\t\t<div class=\"elementor-element elementor-element-cea4e8e e-flex e-con-boxed e-con e-parent\" data-id=\"cea4e8e\" data-element_type=\"container\" data-settings=\"{&quot;background_background&quot;:&quot;classic&quot;}\">\n\t\t\t\t\t<div class=\"e-con-inner\">\n\t\t\t\t\t<\/div>\n\t\t\t\t<\/div>\n\t\t<div class=\"elementor-element elementor-element-9bb97e5 e-con-full e-flex e-con e-parent\" data-id=\"9bb97e5\" data-element_type=\"container\">\n\t\t\t\t<div class=\"elementor-element elementor-element-e9004c9 elementor-widget elementor-widget-heading\" data-id=\"e9004c9\" data-element_type=\"widget\" data-widget_type=\"heading.default\">\n\t\t\t\t<div class=\"elementor-widget-container\">\n\t\t\t\t\t<h2 class=\"elementor-heading-title elementor-size-default\">We at Fundaci\u00f3n para la Educaci\u00f3n Innova Siglo 21 believe that we can transform education together<\/h2>\t\t\t\t<\/div>\n\t\t\t\t<\/div>\n\t\t\t\t<\/div>\n\t\t<div class=\"elementor-element elementor-element-8373748 e-flex e-con-boxed e-con e-parent\" data-id=\"8373748\" data-element_type=\"container\">\n\t\t\t\t\t<div class=\"e-con-inner\">\n\t\t<div class=\"elementor-element elementor-element-c0e3b17 e-con-full e-flex e-con e-child\" data-id=\"c0e3b17\" data-element_type=\"container\">\n\t\t\t\t<div class=\"elementor-element elementor-element-cff846c elementor-widget elementor-widget-image\" data-id=\"cff846c\" data-element_type=\"widget\" data-widget_type=\"image.default\">\n\t\t\t\t<div class=\"elementor-widget-container\">\n\t\t\t\t\t\t\t\t\t\t\t\t\t\t\t<img fetchpriority=\"high\" decoding=\"async\" width=\"1024\" height=\"740\" src=\"https:\/\/feis21.com\/wp-content\/uploads\/2025\/05\/doctor-e1748619895143-1024x740.jpg\" class=\"attachment-large size-large wp-image-536\" alt=\"\" srcset=\"https:\/\/feis21.com\/wp-content\/uploads\/2025\/05\/doctor-e1748619895143-1024x740.jpg 1024w, https:\/\/feis21.com\/wp-content\/uploads\/2025\/05\/doctor-e1748619895143-300x217.jpg 300w, https:\/\/feis21.com\/wp-content\/uploads\/2025\/05\/doctor-e1748619895143-768x555.jpg 768w, https:\/\/feis21.com\/wp-content\/uploads\/2025\/05\/doctor-e1748619895143.jpg 1170w\" sizes=\"(max-width: 1024px) 100vw, 1024px\" \/>\t\t\t\t\t\t\t\t\t\t\t\t\t\t\t<\/div>\n\t\t\t\t<\/div>\n\t\t\t\t<div class=\"elementor-element elementor-element-737a3fe elementor-widget elementor-widget-heading\" data-id=\"737a3fe\" data-element_type=\"widget\" data-widget_type=\"heading.default\">\n\t\t\t\t<div class=\"elementor-widget-container\">\n\t\t\t\t\t<h2 class=\"elementor-heading-title elementor-size-default\">STEM Fair for women in science and technology<\/h2>\t\t\t\t<\/div>\n\t\t\t\t<\/div>\n\t\t\t\t<div class=\"elementor-element elementor-element-2339bde elementor-widget elementor-widget-heading\" data-id=\"2339bde\" data-element_type=\"widget\" data-widget_type=\"heading.default\">\n\t\t\t\t<div class=\"elementor-widget-container\">\n\t\t\t\t\t<h2 class=\"elementor-heading-title elementor-size-default\">We encourage female students to pursue careers in STEM<\/h2>\t\t\t\t<\/div>\n\t\t\t\t<\/div>\n\t\t\t\t<\/div>\n\t\t<div class=\"elementor-element elementor-element-ed9c695 e-con-full e-flex e-con e-child\" data-id=\"ed9c695\" data-element_type=\"container\">\n\t\t\t\t<div class=\"elementor-element elementor-element-a9bf997 elementor-widget elementor-widget-image\" data-id=\"a9bf997\" data-element_type=\"widget\" data-widget_type=\"image.default\">\n\t\t\t\t<div class=\"elementor-widget-container\">\n\t\t\t\t\t\t\t\t\t\t\t\t\t\t\t<img decoding=\"async\" width=\"1024\" height=\"803\" src=\"https:\/\/feis21.com\/wp-content\/uploads\/2025\/05\/7456063-1-1024x803.jpg\" class=\"attachment-large size-large wp-image-546\" alt=\"\" srcset=\"https:\/\/feis21.com\/wp-content\/uploads\/2025\/05\/7456063-1-1024x803.jpg 1024w, https:\/\/feis21.com\/wp-content\/uploads\/2025\/05\/7456063-1-300x235.jpg 300w, https:\/\/feis21.com\/wp-content\/uploads\/2025\/05\/7456063-1-768x602.jpg 768w, https:\/\/feis21.com\/wp-content\/uploads\/2025\/05\/7456063-1.jpg 1280w\" sizes=\"(max-width: 1024px) 100vw, 1024px\" \/>\t\t\t\t\t\t\t\t\t\t\t\t\t\t\t<\/div>\n\t\t\t\t<\/div>\n\t\t\t\t<div class=\"elementor-element elementor-element-2877503 elementor-widget elementor-widget-heading\" data-id=\"2877503\" data-element_type=\"widget\" data-widget_type=\"heading.default\">\n\t\t\t\t<div class=\"elementor-widget-container\">\n\t\t\t\t\t<h2 class=\"elementor-heading-title elementor-size-default\">\"Level Up\": Achieving a Globally Recognized International English Certification<\/h2>\t\t\t\t<\/div>\n\t\t\t\t<\/div>\n\t\t\t\t<div class=\"elementor-element elementor-element-c29cec2 elementor-widget elementor-widget-heading\" data-id=\"c29cec2\" data-element_type=\"widget\" data-widget_type=\"heading.default\">\n\t\t\t\t<div class=\"elementor-widget-container\">\n\t\t\t\t\t<h2 class=\"elementor-heading-title elementor-size-default\">We foster English language proficiency for international TOEFL certification<\/h2>\t\t\t\t<\/div>\n\t\t\t\t<\/div>\n\t\t\t\t<\/div>\n\t\t\t\t\t<\/div>\n\t\t\t\t<\/div>\n\t\t<div class=\"elementor-element elementor-element-355e06c e-flex e-con-boxed e-con e-parent\" data-id=\"355e06c\" data-element_type=\"container\">\n\t\t\t\t\t<div class=\"e-con-inner\">\n\t\t\t\t<div class=\"elementor-element elementor-element-a016770 elementor-align-center elementor-widget elementor-widget-button\" data-id=\"a016770\" data-element_type=\"widget\" data-widget_type=\"button.default\">\n\t\t\t\t<div class=\"elementor-widget-container\">\n\t\t\t\t\t\t\t\t\t<div class=\"elementor-button-wrapper\">\n\t\t\t\t\t<a class=\"elementor-button elementor-button-link elementor-size-sm\" href=\"https:\/\/feis21.com\/en\/proyectos\/\">\n\t\t\t\t\t\t<span class=\"elementor-button-content-wrapper\">\n\t\t\t\t\t\t\t\t\t<span class=\"elementor-button-text\">See More Projects<\/span>\n\t\t\t\t\t<\/span>\n\t\t\t\t\t<\/a>\n\t\t\t\t<\/div>\n\t\t\t\t\t\t\t\t<\/div>\n\t\t\t\t<\/div>\n\t\t\t\t\t<\/div>\n\t\t\t\t<\/div>\n\t\t\t\t<\/div>","protected":false},"excerpt":{"rendered":"<p>Impulsando la Innovaci\u00f3n Educativa en Chile Fundaci\u00f3n para la Educaci\u00f3n Innova Siglo 21 &#8220;En la Fundaci\u00f3n para la Educaci\u00f3n Innova [&hellip;]<\/p>","protected":false},"author":1,"featured_media":0,"parent":0,"menu_order":0,"comment_status":"closed","ping_status":"closed","template":"","meta":{"_uag_custom_page_level_css":"","site-sidebar-layout":"default","site-content-layout":"","ast-site-content-layout":"","site-content-style":"default","site-sidebar-style":"default","ast-global-header-display":"","ast-banner-title-visibility":"","ast-main-header-display":"","ast-hfb-above-header-display":"","ast-hfb-below-header-display":"","ast-hfb-mobile-header-display":"","site-post-title":"disabled","ast-breadcrumbs-content":"","ast-featured-img":"","footer-sml-layout":"","theme-transparent-header-meta":"disabled","adv-header-id-meta":"","stick-header-meta":"","header-above-stick-meta":"","header-main-stick-meta":"","header-below-stick-meta":"","astra-migrate-meta-layouts":"default","ast-page-background-enabled":"default","ast-page-background-meta":{"desktop":{"background-color":"var(--ast-global-color-4)","background-image":"","background-repeat":"repeat","background-position":"center center","background-size":"auto","background-attachment":"scroll","background-type":"","background-media":"","overlay-type":"","overlay-color":"","overlay-opacity":"","overlay-gradient":""},"tablet":{"background-color":"","background-image":"","background-repeat":"repeat","background-position":"center center","background-size":"auto","background-attachment":"scroll","background-type":"","background-media":"","overlay-type":"","overlay-color":"","overlay-opacity":"","overlay-gradient":""},"mobile":{"background-color":"","background-image":"","background-repeat":"repeat","background-position":"center center","background-size":"auto","background-attachment":"scroll","background-type":"","background-media":"","overlay-type":"","overlay-color":"","overlay-opacity":"","overlay-gradient":""}},"ast-content-background-meta":{"desktop":{"background-color":"var(--ast-global-color-5)","background-image":"","background-repeat":"repeat","background-position":"center center","background-size":"auto","background-attachment":"scroll","background-type":"","background-media":"","overlay-type":"","overlay-color":"","overlay-opacity":"","overlay-gradient":""},"tablet":{"background-color":"var(--ast-global-color-5)","background-image":"","background-repeat":"repeat","background-position":"center center","background-size":"auto","background-attachment":"scroll","background-type":"","background-media":"","overlay-type":"","overlay-color":"","overlay-opacity":"","overlay-gradient":""},"mobile":{"background-color":"var(--ast-global-color-5)","background-image":"","background-repeat":"repeat","background-position":"center center","background-size":"auto","background-attachment":"scroll","background-type":"","background-media":"","overlay-type":"","overlay-color":"","overlay-opacity":"","overlay-gradient":""}},"footnotes":""},"class_list":["post-488","page","type-page","status-publish","hentry"],"uagb_featured_image_src":{"full":false,"thumbnail":false,"medium":false,"medium_large":false,"large":false,"1536x1536":false,"2048x2048":false,"trp-custom-language-flag":false},"uagb_author_info":{"display_name":"Diego Utreras","author_link":"https:\/\/feis21.com\/en\/author\/diego-utreras-90gmail-com\/"},"uagb_comment_info":0,"uagb_excerpt":"Impulsando la Innovaci\u00f3n Educativa en Chile Fundaci\u00f3n para la Educaci\u00f3n Innova Siglo 21 &#8220;En la Fundaci\u00f3n para la Educaci\u00f3n Innova [&hellip;]","_links":{"self":[{"href":"https:\/\/feis21.com\/en\/wp-json\/wp\/v2\/pages\/488","targetHints":{"allow":["GET"]}}],"collection":[{"href":"https:\/\/feis21.com\/en\/wp-json\/wp\/v2\/pages"}],"about":[{"href":"https:\/\/feis21.com\/en\/wp-json\/wp\/v2\/types\/page"}],"author":[{"embeddable":true,"href":"https:\/\/feis21.com\/en\/wp-json\/wp\/v2\/users\/1"}],"replies":[{"embeddable":true,"href":"https:\/\/feis21.com\/en\/wp-json\/wp\/v2\/comments?post=488"}],"version-history":[{"count":70,"href":"https:\/\/feis21.com\/en\/wp-json\/wp\/v2\/pages\/488\/revisions"}],"predecessor-version":[{"id":799,"href":"https:\/\/feis21.com\/en\/wp-json\/wp\/v2\/pages\/488\/revisions\/799"}],"wp:attachment":[{"href":"https:\/\/feis21.com\/en\/wp-json\/wp\/v2\/media?parent=488"}],"curies":[{"name":"wp","href":"https:\/\/api.w.org\/{rel}","templated":true}]}}